{"id":72,"date":"2020-04-29T12:27:43","date_gmt":"2020-04-29T12:27:43","guid":{"rendered":"http:\/\/anna-christ-friedrich.de\/?page_id=72"},"modified":"2020-05-04T12:13:01","modified_gmt":"2020-05-04T12:13:01","slug":"angebote","status":"publish","type":"page","link":"https:\/\/anna-christ-friedrich.de\/?page_id=72","title":{"rendered":"Angebote"},"content":{"rendered":"\t\t<div data-elementor-type=\"wp-page\" data-elementor-id=\"72\" class=\"elementor elementor-72\">\n\t\t\t\t\t\t<section class=\"elementor-section elementor-top-section elementor-element elementor-element-2d3c425 elementor-section-boxed elementor-section-height-default elementor-section-height-default\" data-id=\"2d3c425\" data-element_type=\"section\" data-e-type=\"section\">\n\t\t\t\t\t\t<div class=\"elementor-container elementor-column-gap-default\">\n\t\t\t\t\t<div class=\"elementor-column elementor-col-100 elementor-top-column elementor-element elementor-element-2586197\" data-id=\"2586197\" data-element_type=\"column\" data-e-type=\"column\">\n\t\t\t<div class=\"elementor-widget-wrap elementor-element-populated\">\n\t\t\t\t\t\t<div class=\"elementor-element elementor-element-d3b7f44 elementor-widget elementor-widget-heading\" data-id=\"d3b7f44\" data-element_type=\"widget\" data-e-type=\"widget\" data-widget_type=\"heading.default\">\n\t\t\t\t<div class=\"elementor-widget-container\">\n\t\t\t\t\t<h2 class=\"elementor-heading-title elementor-size-default\">Beratung - Supervision - Coaching<\/h2>\t\t\t\t<\/div>\n\t\t\t\t<\/div>\n\t\t\t\t<div class=\"elementor-element elementor-element-a8f9495 elementor-widget elementor-widget-image\" data-id=\"a8f9495\" data-element_type=\"widget\" data-e-type=\"widget\" data-widget_type=\"image.default\">\n\t\t\t\t<div class=\"elementor-widget-container\">\n\t\t\t\t\t\t\t\t\t\t\t\t\t\t\t<img decoding=\"async\" src=\"https:\/\/anna-christ-friedrich.de\/wp-content\/uploads\/2020\/05\/IMG_4583_b2.jpg\" title=\"IMG_4583_b2\" alt=\"IMG_4583_b2\" loading=\"lazy\" \/>\t\t\t\t\t\t\t\t\t\t\t\t\t\t\t<\/div>\n\t\t\t\t<\/div>\n\t\t\t\t<div class=\"elementor-element elementor-element-c514160 elementor-widget-divider--separator-type-pattern elementor-widget-divider--bg-round elementor-widget-divider--view-line elementor-widget elementor-widget-divider\" data-id=\"c514160\" data-element_type=\"widget\" data-e-type=\"widget\" data-widget_type=\"divider.default\">\n\t\t\t\t<div class=\"elementor-widget-container\">\n\t\t\t\t\t\t\t<div class=\"elementor-divider\" style=\"--divider-pattern-url: url(&quot;data:image\/svg+xml,%3Csvg xmlns=&#039;http:\/\/www.w3.org\/2000\/svg&#039; preserveAspectRatio=&#039;none&#039; overflow=&#039;visible&#039; height=&#039;100%&#039; viewBox=&#039;0 0 60 30&#039; fill=&#039;black&#039; stroke=&#039;none&#039;%3E%3Crect x=&#039;15&#039; y=&#039;0&#039; width=&#039;30&#039; height=&#039;30&#039;\/%3E%3C\/svg%3E&quot;);\">\n\t\t\t<span class=\"elementor-divider-separator\">\n\t\t\t\t\t\t<\/span>\n\t\t<\/div>\n\t\t\t\t\t\t<\/div>\n\t\t\t\t<\/div>\n\t\t\t\t\t<\/div>\n\t\t<\/div>\n\t\t\t\t\t<\/div>\n\t\t<\/section>\n\t\t\t\t<section class=\"elementor-section elementor-top-section elementor-element elementor-element-fc23310 elementor-section-boxed elementor-section-height-default elementor-section-height-default\" data-id=\"fc23310\" data-element_type=\"section\" data-e-type=\"section\">\n\t\t\t\t\t\t<div class=\"elementor-container elementor-column-gap-default\">\n\t\t\t\t\t<div class=\"elementor-column elementor-col-100 elementor-top-column elementor-element elementor-element-cef299a\" data-id=\"cef299a\" data-element_type=\"column\" data-e-type=\"column\">\n\t\t\t<div class=\"elementor-widget-wrap elementor-element-populated\">\n\t\t\t\t\t\t<div class=\"elementor-element elementor-element-7c10a7c elementor-widget elementor-widget-text-editor\" data-id=\"7c10a7c\" data-element_type=\"widget\" data-e-type=\"widget\" data-widget_type=\"text-editor.default\">\n\t\t\t\t<div class=\"elementor-widget-container\">\n\t\t\t\t\t\t\t\t\t<div class=\"page\" title=\"Page 2\">\n<div class=\"layoutArea\">\n<div class=\"column\">\n<p><strong>Beratung, Coaching und Supervision<\/strong> sind fu\u0308r mich individuell ausgerichtete Begleitungen von&nbsp;<span style=\"letter-spacing: 0px;\">einzelnen Personen oder Gruppen bzw. Teams.&nbsp;<\/span><span style=\"letter-spacing: 0px;\">Coaching und Supervision sind Formen beruflichen Lernens. Fragen und Konflikte werden im weiten Kontext eines gesamten (Arbeits) Systems betrachtet. Beziehungen, Wechselwirkungen, Interaktionen, Hierarchien, Geschichte usw. kommen dabei in den Blick. Es gilt zu erkennen, welche Faktoren ein Problem erzeugen, aufrechterhalten, verringern oder gar u\u0308berflu\u0308ssig machen.<br><\/span><span style=\"letter-spacing: 0px;\">Hintergrund bildet eine systemische und pastoralpsychologische Ausrichtung, die sich auch in einem spannenden Dialog mit interreligio\u0308sen Themen sehen kann. Fu\u0308r die Prozesse sind mir die perso\u0308nlichen Begegnungen und ein ressourcen- und zielorientierter Ansatz besonders wichtig.<br><br><b>Schwerpunkte:<\/b><br>&#8211; mit Einzelpersonen<br>&#8211; mit Teams<br>&#8211; mit Gruppen<br>&#8211; in Konfliktsituationen<\/span><\/p>\n<\/div>\n<\/div>\n<\/div>\t\t\t\t\t\t\t\t<\/div>\n\t\t\t\t<\/div>\n\t\t\t\t\t<\/div>\n\t\t<\/div>\n\t\t\t\t\t<\/div>\n\t\t<\/section>\n\t\t\t\t<section class=\"elementor-section elementor-top-section elementor-element elementor-element-5bed5bd elementor-section-boxed elementor-section-height-default elementor-section-height-default\" data-id=\"5bed5bd\" data-element_type=\"section\" data-e-type=\"section\">\n\t\t\t\t\t\t<div class=\"elementor-container elementor-column-gap-default\">\n\t\t\t\t\t<div class=\"elementor-column elementor-col-100 elementor-top-column elementor-element elementor-element-4f00252\" data-id=\"4f00252\" data-element_type=\"column\" data-e-type=\"column\">\n\t\t\t<div class=\"elementor-widget-wrap elementor-element-populated\">\n\t\t\t\t\t\t<div class=\"elementor-element elementor-element-fb46cbd elementor-widget elementor-widget-heading\" data-id=\"fb46cbd\" data-element_type=\"widget\" data-e-type=\"widget\" data-widget_type=\"heading.default\">\n\t\t\t\t<div class=\"elementor-widget-container\">\n\t\t\t\t\t<h2 class=\"elementor-heading-title elementor-size-default\">Arbeitsweise<\/h2>\t\t\t\t<\/div>\n\t\t\t\t<\/div>\n\t\t\t\t<div class=\"elementor-element elementor-element-a34ec22 elementor-widget elementor-widget-text-editor\" data-id=\"a34ec22\" data-element_type=\"widget\" data-e-type=\"widget\" data-widget_type=\"text-editor.default\">\n\t\t\t\t<div class=\"elementor-widget-container\">\n\t\t\t\t\t\t\t\t\t<div class=\"page\" title=\"Page 3\"><div class=\"layoutArea\"><div class=\"column\"><p><b><img fetchpriority=\"high\" decoding=\"async\" class=\"size-medium wp-image-154 alignright\" src=\"http:\/\/anna-christ-friedrich.de\/wp-content\/uploads\/2020\/04\/IMG_6263-204x300.jpg\" alt=\"\" width=\"204\" height=\"300\" srcset=\"https:\/\/anna-christ-friedrich.de\/wp-content\/uploads\/2020\/04\/IMG_6263-204x300.jpg 204w, https:\/\/anna-christ-friedrich.de\/wp-content\/uploads\/2020\/04\/IMG_6263-695x1024.jpg 695w, https:\/\/anna-christ-friedrich.de\/wp-content\/uploads\/2020\/04\/IMG_6263-768x1132.jpg 768w, https:\/\/anna-christ-friedrich.de\/wp-content\/uploads\/2020\/04\/IMG_6263-1042x1536.jpg 1042w, https:\/\/anna-christ-friedrich.de\/wp-content\/uploads\/2020\/04\/IMG_6263-1390x2048.jpg 1390w, https:\/\/anna-christ-friedrich.de\/wp-content\/uploads\/2020\/04\/IMG_6263-scaled.jpg 1737w\" sizes=\"(max-width: 204px) 100vw, 204px\" \/><\/b>Ein von Vertrauen, Wertsch\u00e4tzung und Engagement gepr\u00e4gter Umgang ist f\u00fcr die gemeinsame Arbeit zentral.<br \/>Die Gespr\u00e4chsinhalte obliegen der Verschwiegenheit &#8211; nur Sie bestimmen, was davon \u00f6ffentlich wird.<\/p><\/div><\/div><\/div>\t\t\t\t\t\t\t\t<\/div>\n\t\t\t\t<\/div>\n\t\t\t\t\t<\/div>\n\t\t<\/div>\n\t\t\t\t\t<\/div>\n\t\t<\/section>\n\t\t\t\t<section class=\"elementor-section elementor-top-section elementor-element elementor-element-1465bef elementor-section-boxed elementor-section-height-default elementor-section-height-default\" data-id=\"1465bef\" data-element_type=\"section\" data-e-type=\"section\">\n\t\t\t\t\t\t<div class=\"elementor-container elementor-column-gap-default\">\n\t\t\t\t\t<div class=\"elementor-column elementor-col-100 elementor-top-column elementor-element elementor-element-43ab98a\" data-id=\"43ab98a\" data-element_type=\"column\" data-e-type=\"column\">\n\t\t\t<div class=\"elementor-widget-wrap elementor-element-populated\">\n\t\t\t\t\t\t<div class=\"elementor-element elementor-element-1d3c789 elementor-widget elementor-widget-heading\" data-id=\"1d3c789\" data-element_type=\"widget\" data-e-type=\"widget\" data-widget_type=\"heading.default\">\n\t\t\t\t<div class=\"elementor-widget-container\">\n\t\t\t\t\t<h2 class=\"elementor-heading-title elementor-size-default\">Beratung<\/h2>\t\t\t\t<\/div>\n\t\t\t\t<\/div>\n\t\t\t\t<div class=\"elementor-element elementor-element-73fe5c5 elementor-widget elementor-widget-text-editor\" data-id=\"73fe5c5\" data-element_type=\"widget\" data-e-type=\"widget\" data-widget_type=\"text-editor.default\">\n\t\t\t\t<div class=\"elementor-widget-container\">\n\t\t\t\t\t\t\t\t\t<p><img decoding=\"async\" class=\"size-medium wp-image-103 alignright\" src=\"http:\/\/anna-christ-friedrich.de\/wp-content\/uploads\/2020\/04\/Anna-Foto-200x300.jpg\" alt=\"\" width=\"200\" height=\"300\" srcset=\"https:\/\/anna-christ-friedrich.de\/wp-content\/uploads\/2020\/04\/Anna-Foto-200x300.jpg 200w, https:\/\/anna-christ-friedrich.de\/wp-content\/uploads\/2020\/04\/Anna-Foto.jpg 511w\" sizes=\"(max-width: 200px) 100vw, 200px\" \/><span style=\"font-weight: bold;\">Unterstu\u0308tzt weitersehen ko\u0308nnen:<br \/><\/span><span style=\"letter-spacing: 0px;\">Erscho\u0308pfung, A\u0308ngste und U\u0308berforderung ko\u0308nnen Mauern und Enge bedeuten. Es geht darum genauer hinzusehen und zu unterscheiden: Oder manchmal braucht es einfach jemanden, der\/die gut zuho\u0308rt. Oft ko\u0308nnen damit die eigenen Ideen und Ressourcen reaktiviert werden.\u00a0<\/span><span style=\"letter-spacing: 0px;\">Oder es ist wichtig, zum Beispiel bei A\u0308ngsten und Beziehungsproblemen, von Neuem die eigenen Mo\u0308glichkeiten und Fa\u0308higkeiten zu beleben.\u00a0<\/span><span style=\"letter-spacing: 0px;\">Beratung la\u0308sst bei Burnout, U\u0308berforderung und Stressbewa\u0308ltigung nach eigenen und anderen Quellen suchen und in Lebens- und Sinnkrisen den Horizont zu weiten und Wertscha\u0308tzung erleben<\/span><\/p>\t\t\t\t\t\t\t\t<\/div>\n\t\t\t\t<\/div>\n\t\t\t\t\t<\/div>\n\t\t<\/div>\n\t\t\t\t\t<\/div>\n\t\t<\/section>\n\t\t\t\t<section class=\"elementor-section elementor-top-section elementor-element elementor-element-8efe1ab elementor-section-boxed elementor-section-height-default elementor-section-height-default\" data-id=\"8efe1ab\" data-element_type=\"section\" data-e-type=\"section\">\n\t\t\t\t\t\t<div class=\"elementor-container elementor-column-gap-default\">\n\t\t\t\t\t<div class=\"elementor-column elementor-col-100 elementor-top-column elementor-element elementor-element-08a65ab\" data-id=\"08a65ab\" data-element_type=\"column\" data-e-type=\"column\">\n\t\t\t<div class=\"elementor-widget-wrap elementor-element-populated\">\n\t\t\t\t\t\t<div class=\"elementor-element elementor-element-369ae56 elementor-widget elementor-widget-heading\" data-id=\"369ae56\" data-element_type=\"widget\" data-e-type=\"widget\" data-widget_type=\"heading.default\">\n\t\t\t\t<div class=\"elementor-widget-container\">\n\t\t\t\t\t<h2 class=\"elementor-heading-title elementor-size-default\">Supervision<\/h2>\t\t\t\t<\/div>\n\t\t\t\t<\/div>\n\t\t\t\t<div class=\"elementor-element elementor-element-fe34778 elementor-widget elementor-widget-text-editor\" data-id=\"fe34778\" data-element_type=\"widget\" data-e-type=\"widget\" data-widget_type=\"text-editor.default\">\n\t\t\t\t<div class=\"elementor-widget-container\">\n\t\t\t\t\t\t\t\t\t<p><b>Klarheit gewinnen und Effektivit\u00e4t erh\u00f6hen:\u00a0<\/b><br \/>Im Supervisionsprozess ist es mir wichtig, eine auf das Gegen\u00fcber zugeschnittene Begleitung von einzelnen Personen oder Gruppen beziehungsweise Teams zu bieten. Supervision nimmt dabei kontinuierlich das Handeln in den Blick. Das gilt f\u00fcr haupt- und ehrenamtliche Helfer*innen. <br \/>Supervision ist eine wichtige Form beruflichen Lernens f\u00fcr Personen, die im psychosozialen Bereich, t\u00e4tig sind. <br \/>Wichtig ist: Person und Prozess werden reflektiert. Der Ansatz ist ressourcen- und zielorientiert.<\/p><p><b>Supervision unterst\u00fctzt dabei: <\/b><br \/>&#8211; die eigene Rolle zu kl\u00e4ren und neue Einstellungen und Strategien f\u00fcr sich zu erarbeiten <br \/>&#8211; eigene (Berufs-) Zufriedenheit zu f\u00f6rdern<br \/>&#8211; Klarheit in schwierigen Entscheidungssituationen <br \/>&#8211; eigene St\u00e4rken zu entdecken und auszubauen <br \/>&#8211; L\u00f6sungen zu finden <br \/>&#8211; Konfliktbearbeitung zu erm\u00f6glichen <br \/>&#8211; sich wiederholende Situationen in den Blick zunehmen und zu ver\u00e4ndern <br \/>&#8211; Team- und Fallsupervision f\u00fcr Mitarbeiterinnen in psychosozialen Einrichtungen <br \/>&#8211; Optimierung von Abl\u00e4ufen und Strukturen <br \/>&#8211; Verbesserung des Informations- und Kommunikationsflusses <br \/>&#8211; strukturelle und pers\u00f6nliche Ebene zu sortieren <br \/>&#8211; Arbeit mit Ehrenamtlichen<\/p>\t\t\t\t\t\t\t\t<\/div>\n\t\t\t\t<\/div>\n\t\t\t\t\t<\/div>\n\t\t<\/div>\n\t\t\t\t\t<\/div>\n\t\t<\/section>\n\t\t\t\t<section class=\"elementor-section elementor-top-section elementor-element elementor-element-6b40c19 elementor-section-boxed elementor-section-height-default elementor-section-height-default\" data-id=\"6b40c19\" data-element_type=\"section\" data-e-type=\"section\">\n\t\t\t\t\t\t<div class=\"elementor-container elementor-column-gap-default\">\n\t\t\t\t\t<div class=\"elementor-column elementor-col-100 elementor-top-column elementor-element elementor-element-2e8cbd9\" data-id=\"2e8cbd9\" data-element_type=\"column\" data-e-type=\"column\">\n\t\t\t<div class=\"elementor-widget-wrap elementor-element-populated\">\n\t\t\t\t\t\t<div class=\"elementor-element elementor-element-6686bc4 elementor-widget elementor-widget-heading\" data-id=\"6686bc4\" data-element_type=\"widget\" data-e-type=\"widget\" data-widget_type=\"heading.default\">\n\t\t\t\t<div class=\"elementor-widget-container\">\n\t\t\t\t\t<h2 class=\"elementor-heading-title elementor-size-default\">Coaching<\/h2>\t\t\t\t<\/div>\n\t\t\t\t<\/div>\n\t\t\t\t<div class=\"elementor-element elementor-element-9118a5b elementor-widget elementor-widget-text-editor\" data-id=\"9118a5b\" data-element_type=\"widget\" data-e-type=\"widget\" data-widget_type=\"text-editor.default\">\n\t\t\t\t<div class=\"elementor-widget-container\">\n\t\t\t\t\t\t\t\t\t<div class=\"page\" title=\"Page 6\">\n<div class=\"layoutArea\">\n<div class=\"column\">\n<p><b>Ziele benennen und umsetzen<br><\/b><span style=\"letter-spacing: 0px;\">Fu\u0308r den Coachingprozess ist eine auf Vertrauen basierende, wertscha\u0308tzende, zeitlich begrenzte Zusammenarbeit mit einer klaren Zielformulierung wichtig. Dabei geht es mir um einen transparenten und lo\u0308sungsorientierten Prozess und die Erarbeitung konkreter Ma\u00dfnahmen. Gemeinsam werden Umsetzung und Integration in den Alltag angedacht.<\/span><br><\/p>\n<p><b>SCHWERPUNKTE<br><\/b><span style=\"letter-spacing: 0px;\">&#8211; Coaching fu\u0308r Einzelpersonen, Gruppen\/Teams und Organisationen&nbsp;<br><\/span><span style=\"letter-spacing: 0px;\">&#8211; Coaching in kirchlichem Kontext<br><\/span><span style=\"letter-spacing: 0px;\">&#8211; Fragen von Rolle, Fu\u0308hrungshaltung und Fu\u0308hrungsverhalten<br><\/span><span style=\"letter-spacing: 0px;\">&#8211; Kla\u0308rung bei Themen eines Stellenwechsels<br><\/span><span style=\"letter-spacing: 0px;\">&#8211; Selbst- und Zeitmanagement, Gesundheitsmanagement und Fragen von Resilienz <br>&#8211; Strategie, Kommunikation und Konfliktmanagement<\/span><br><\/p>\n<\/div>\n<\/div>\n<\/div>\t\t\t\t\t\t\t\t<\/div>\n\t\t\t\t<\/div>\n\t\t\t\t\t<\/div>\n\t\t<\/div>\n\t\t\t\t\t<\/div>\n\t\t<\/section>\n\t\t\t\t<\/div>\n\t\t","protected":false},"excerpt":{"rendered":"<p>Beratung &#8211; Supervision &#8211; Coaching Beratung, Coaching und Supervision sind fu\u0308r mich individuell ausgerichtete Begleitungen von&nbsp;einzelnen Personen oder Gruppen bzw. Teams.&nbsp;Coaching und Supervision sind Formen beruflichen Lernens. Fragen und Konflikte werden im weiten Kontext eines gesamten (Arbeits) Systems betrachtet. Beziehungen, Wechselwirkungen, Interaktionen, Hierarchien, Geschichte usw. kommen dabei in den Blick. Es gilt zu erkennen, welche &hellip;<\/p>\n","protected":false},"author":1,"featured_media":0,"parent":0,"menu_order":0,"comment_status":"closed","ping_status":"closed","template":"elementor_header_footer","meta":{"footnotes":""},"class_list":["post-72","page","type-page","status-publish","hentry"],"_links":{"self":[{"href":"https:\/\/anna-christ-friedrich.de\/index.php?rest_route=\/wp\/v2\/pages\/72","targetHints":{"allow":["GET"]}}],"collection":[{"href":"https:\/\/anna-christ-friedrich.de\/index.php?rest_route=\/wp\/v2\/pages"}],"about":[{"href":"https:\/\/anna-christ-friedrich.de\/index.php?rest_route=\/wp\/v2\/types\/page"}],"author":[{"embeddable":true,"href":"https:\/\/anna-christ-friedrich.de\/index.php?rest_route=\/wp\/v2\/users\/1"}],"replies":[{"embeddable":true,"href":"https:\/\/anna-christ-friedrich.de\/index.php?rest_route=%2Fwp%2Fv2%2Fcomments&post=72"}],"version-history":[{"count":38,"href":"https:\/\/anna-christ-friedrich.de\/index.php?rest_route=\/wp\/v2\/pages\/72\/revisions"}],"predecessor-version":[{"id":201,"href":"https:\/\/anna-christ-friedrich.de\/index.php?rest_route=\/wp\/v2\/pages\/72\/revisions\/201"}],"wp:attachment":[{"href":"https:\/\/anna-christ-friedrich.de\/index.php?rest_route=%2Fwp%2Fv2%2Fmedia&parent=72"}],"curies":[{"name":"wp","href":"https:\/\/api.w.org\/{rel}","templated":true}]}}